{"id":91,"date":"2024-08-23T17:33:23","date_gmt":"2024-08-23T17:33:23","guid":{"rendered":"http:\/\/localhost:8100\/?page_id=6"},"modified":"2024-09-10T23:10:38","modified_gmt":"2024-09-10T23:10:38","slug":"inicio","status":"publish","type":"page","link":"https:\/\/tlajomulco.gob.mx\/sexto-informe\/","title":{"rendered":"Inicio"},"content":{"rendered":"","protected":false},"excerpt":{"rendered":"","protected":false},"author":1,"featured_media":251,"parent":0,"menu_order":0,"comment_status":"closed","ping_status":"closed","template":"","meta":{"_acf_changed":false,"inline_featured_image":false,"footnotes":""},"class_list":["post-91","page","type-page","status-publish","has-post-thumbnail","hentry"],"acf":[],"yoast_head":"<!-- This site is optimized with the Yoast SEO plugin v25.0 - https:\/\/yoast.com\/wordpress\/plugins\/seo\/ -->\n<title>Sexto informe de Gobierno<\/title>\n<meta name=\"description\" content=\"Llegamos para fortalecer el avance de un proyecto a largo plazo y potenciar grandes obras. Aqu\u00ed te cuento c\u00f3mo cambiamos Tlajomulco en los \u00faltimos seis a\u00f1os.\" \/>\n<meta name=\"robots\" content=\"index, follow, max-snippet:-1, max-image-preview:large, max-video-preview:-1\" \/>\n<link rel=\"canonical\" href=\"https:\/\/tlajomulco.gob.mx\/sexto-informe\/\" \/>\n<meta property=\"og:locale\" content=\"es_MX\" \/>\n<meta property=\"og:type\" content=\"article\" \/>\n<meta property=\"og:title\" content=\"Sexto informe de Gobierno\" \/>\n<meta property=\"og:description\" content=\"Llegamos para fortalecer el avance de un proyecto a largo plazo y potenciar grandes obras. Aqu\u00ed te cuento c\u00f3mo cambiamos Tlajomulco en los \u00faltimos seis a\u00f1os.\" \/>\n<meta property=\"og:url\" content=\"https:\/\/tlajomulco.gob.mx\/sexto-informe\/\" \/>\n<meta property=\"og:site_name\" content=\"Sexto Informe\" \/>\n<meta property=\"article:modified_time\" content=\"2024-09-10T23:10:38+00:00\" \/>\n<meta property=\"og:image\" content=\"https:\/\/tlajomulco.gob.mx\/sexto-informe\/wp-content\/uploads\/2024\/09\/040924_tlj_postlink_informe-zamora.png\" \/>\n\t<meta property=\"og:image:width\" content=\"1200\" \/>\n\t<meta property=\"og:image:height\" content=\"628\" \/>\n\t<meta property=\"og:image:type\" content=\"image\/png\" \/>\n<meta name=\"twitter:card\" content=\"summary_large_image\" \/>\n<meta name=\"twitter:label1\" content=\"Tiempo de lectura\" \/>\n\t<meta name=\"twitter:data1\" content=\"1 minuto\" \/>\n<script type=\"application\/ld+json\" class=\"yoast-schema-graph\">{\"@context\":\"https:\/\/schema.org\",\"@graph\":[{\"@type\":\"WebPage\",\"@id\":\"https:\/\/tlajomulco.gob.mx\/sexto-informe\/\",\"url\":\"https:\/\/tlajomulco.gob.mx\/sexto-informe\/\",\"name\":\"Sexto informe de Gobierno\",\"isPartOf\":{\"@id\":\"https:\/\/tlajomulco.gob.mx\/sexto-informe\/#website\"},\"primaryImageOfPage\":{\"@id\":\"https:\/\/tlajomulco.gob.mx\/sexto-informe\/#primaryimage\"},\"image\":{\"@id\":\"https:\/\/tlajomulco.gob.mx\/sexto-informe\/#primaryimage\"},\"thumbnailUrl\":\"https:\/\/tlajomulco.gob.mx\/sexto-informe\/wp-content\/uploads\/2024\/09\/040924_tlj_postlink_informe-zamora.png\",\"datePublished\":\"2024-08-23T17:33:23+00:00\",\"dateModified\":\"2024-09-10T23:10:38+00:00\",\"description\":\"Llegamos para fortalecer el avance de un proyecto a largo plazo y potenciar grandes obras. Aqu\u00ed te cuento c\u00f3mo cambiamos Tlajomulco en los \u00faltimos seis a\u00f1os.\",\"breadcrumb\":{\"@id\":\"https:\/\/tlajomulco.gob.mx\/sexto-informe\/#breadcrumb\"},\"inLanguage\":\"es\",\"potentialAction\":[{\"@type\":\"ReadAction\",\"target\":[\"https:\/\/tlajomulco.gob.mx\/sexto-informe\/\"]}]},{\"@type\":\"ImageObject\",\"inLanguage\":\"es\",\"@id\":\"https:\/\/tlajomulco.gob.mx\/sexto-informe\/#primaryimage\",\"url\":\"https:\/\/tlajomulco.gob.mx\/sexto-informe\/wp-content\/uploads\/2024\/09\/040924_tlj_postlink_informe-zamora.png\",\"contentUrl\":\"https:\/\/tlajomulco.gob.mx\/sexto-informe\/wp-content\/uploads\/2024\/09\/040924_tlj_postlink_informe-zamora.png\",\"width\":1200,\"height\":628},{\"@type\":\"BreadcrumbList\",\"@id\":\"https:\/\/tlajomulco.gob.mx\/sexto-informe\/#breadcrumb\",\"itemListElement\":[{\"@type\":\"ListItem\",\"position\":1,\"name\":\"Inicio\",\"item\":\"https:\/\/tlajomulco.gob.mx\/sexto-informe\/\"},{\"@type\":\"ListItem\",\"position\":2,\"name\":\"Inicio\"}]},{\"@type\":\"WebSite\",\"@id\":\"https:\/\/tlajomulco.gob.mx\/sexto-informe\/#website\",\"url\":\"https:\/\/tlajomulco.gob.mx\/sexto-informe\/\",\"name\":\"Sexto Informe\",\"description\":\"\",\"publisher\":{\"@id\":\"https:\/\/tlajomulco.gob.mx\/sexto-informe\/#organization\"},\"potentialAction\":[{\"@type\":\"SearchAction\",\"target\":{\"@type\":\"EntryPoint\",\"urlTemplate\":\"https:\/\/tlajomulco.gob.mx\/sexto-informe\/?s={search_term_string}\"},\"query-input\":{\"@type\":\"PropertyValueSpecification\",\"valueRequired\":true,\"valueName\":\"search_term_string\"}}],\"inLanguage\":\"es\"},{\"@type\":\"Organization\",\"@id\":\"https:\/\/tlajomulco.gob.mx\/sexto-informe\/#organization\",\"name\":\"Sexto Informe\",\"url\":\"https:\/\/tlajomulco.gob.mx\/sexto-informe\/\",\"logo\":{\"@type\":\"ImageObject\",\"inLanguage\":\"es\",\"@id\":\"https:\/\/tlajomulco.gob.mx\/sexto-informe\/#\/schema\/logo\/image\/\",\"url\":\"https:\/\/tlajomulco.gob.mx\/sexto-informe\/wp-content\/uploads\/2024\/09\/020824_tlj_informe_zamora_SELLO-01.png\",\"contentUrl\":\"https:\/\/tlajomulco.gob.mx\/sexto-informe\/wp-content\/uploads\/2024\/09\/020824_tlj_informe_zamora_SELLO-01.png\",\"width\":3502,\"height\":1299,\"caption\":\"Sexto Informe\"},\"image\":{\"@id\":\"https:\/\/tlajomulco.gob.mx\/sexto-informe\/#\/schema\/logo\/image\/\"}}]}<\/script>\n<!-- \/ Yoast SEO plugin. -->","yoast_head_json":{"title":"Sexto informe de Gobierno","description":"Llegamos para fortalecer el avance de un proyecto a largo plazo y potenciar grandes obras. Aqu\u00ed te cuento c\u00f3mo cambiamos Tlajomulco en los \u00faltimos seis a\u00f1os.","robots":{"index":"index","follow":"follow","max-snippet":"max-snippet:-1","max-image-preview":"max-image-preview:large","max-video-preview":"max-video-preview:-1"},"canonical":"https:\/\/tlajomulco.gob.mx\/sexto-informe\/","og_locale":"es_MX","og_type":"article","og_title":"Sexto informe de Gobierno","og_description":"Llegamos para fortalecer el avance de un proyecto a largo plazo y potenciar grandes obras. Aqu\u00ed te cuento c\u00f3mo cambiamos Tlajomulco en los \u00faltimos seis a\u00f1os.","og_url":"https:\/\/tlajomulco.gob.mx\/sexto-informe\/","og_site_name":"Sexto Informe","article_modified_time":"2024-09-10T23:10:38+00:00","og_image":[{"width":1200,"height":628,"url":"https:\/\/tlajomulco.gob.mx\/sexto-informe\/wp-content\/uploads\/2024\/09\/040924_tlj_postlink_informe-zamora.png","type":"image\/png"}],"twitter_card":"summary_large_image","twitter_misc":{"Tiempo de lectura":"1 minuto"},"schema":{"@context":"https:\/\/schema.org","@graph":[{"@type":"WebPage","@id":"https:\/\/tlajomulco.gob.mx\/sexto-informe\/","url":"https:\/\/tlajomulco.gob.mx\/sexto-informe\/","name":"Sexto informe de Gobierno","isPartOf":{"@id":"https:\/\/tlajomulco.gob.mx\/sexto-informe\/#website"},"primaryImageOfPage":{"@id":"https:\/\/tlajomulco.gob.mx\/sexto-informe\/#primaryimage"},"image":{"@id":"https:\/\/tlajomulco.gob.mx\/sexto-informe\/#primaryimage"},"thumbnailUrl":"https:\/\/tlajomulco.gob.mx\/sexto-informe\/wp-content\/uploads\/2024\/09\/040924_tlj_postlink_informe-zamora.png","datePublished":"2024-08-23T17:33:23+00:00","dateModified":"2024-09-10T23:10:38+00:00","description":"Llegamos para fortalecer el avance de un proyecto a largo plazo y potenciar grandes obras. Aqu\u00ed te cuento c\u00f3mo cambiamos Tlajomulco en los \u00faltimos seis a\u00f1os.","breadcrumb":{"@id":"https:\/\/tlajomulco.gob.mx\/sexto-informe\/#breadcrumb"},"inLanguage":"es","potentialAction":[{"@type":"ReadAction","target":["https:\/\/tlajomulco.gob.mx\/sexto-informe\/"]}]},{"@type":"ImageObject","inLanguage":"es","@id":"https:\/\/tlajomulco.gob.mx\/sexto-informe\/#primaryimage","url":"https:\/\/tlajomulco.gob.mx\/sexto-informe\/wp-content\/uploads\/2024\/09\/040924_tlj_postlink_informe-zamora.png","contentUrl":"https:\/\/tlajomulco.gob.mx\/sexto-informe\/wp-content\/uploads\/2024\/09\/040924_tlj_postlink_informe-zamora.png","width":1200,"height":628},{"@type":"BreadcrumbList","@id":"https:\/\/tlajomulco.gob.mx\/sexto-informe\/#breadcrumb","itemListElement":[{"@type":"ListItem","position":1,"name":"Inicio","item":"https:\/\/tlajomulco.gob.mx\/sexto-informe\/"},{"@type":"ListItem","position":2,"name":"Inicio"}]},{"@type":"WebSite","@id":"https:\/\/tlajomulco.gob.mx\/sexto-informe\/#website","url":"https:\/\/tlajomulco.gob.mx\/sexto-informe\/","name":"Sexto Informe","description":"","publisher":{"@id":"https:\/\/tlajomulco.gob.mx\/sexto-informe\/#organization"},"potentialAction":[{"@type":"SearchAction","target":{"@type":"EntryPoint","urlTemplate":"https:\/\/tlajomulco.gob.mx\/sexto-informe\/?s={search_term_string}"},"query-input":{"@type":"PropertyValueSpecification","valueRequired":true,"valueName":"search_term_string"}}],"inLanguage":"es"},{"@type":"Organization","@id":"https:\/\/tlajomulco.gob.mx\/sexto-informe\/#organization","name":"Sexto Informe","url":"https:\/\/tlajomulco.gob.mx\/sexto-informe\/","logo":{"@type":"ImageObject","inLanguage":"es","@id":"https:\/\/tlajomulco.gob.mx\/sexto-informe\/#\/schema\/logo\/image\/","url":"https:\/\/tlajomulco.gob.mx\/sexto-informe\/wp-content\/uploads\/2024\/09\/020824_tlj_informe_zamora_SELLO-01.png","contentUrl":"https:\/\/tlajomulco.gob.mx\/sexto-informe\/wp-content\/uploads\/2024\/09\/020824_tlj_informe_zamora_SELLO-01.png","width":3502,"height":1299,"caption":"Sexto Informe"},"image":{"@id":"https:\/\/tlajomulco.gob.mx\/sexto-informe\/#\/schema\/logo\/image\/"}}]}},"_links":{"self":[{"href":"https:\/\/tlajomulco.gob.mx\/sexto-informe\/wp-json\/wp\/v2\/pages\/91","targetHints":{"allow":["GET"]}}],"collection":[{"href":"https:\/\/tlajomulco.gob.mx\/sexto-informe\/wp-json\/wp\/v2\/pages"}],"about":[{"href":"https:\/\/tlajomulco.gob.mx\/sexto-informe\/wp-json\/wp\/v2\/types\/page"}],"author":[{"embeddable":true,"href":"https:\/\/tlajomulco.gob.mx\/sexto-informe\/wp-json\/wp\/v2\/users\/1"}],"replies":[{"embeddable":true,"href":"https:\/\/tlajomulco.gob.mx\/sexto-informe\/wp-json\/wp\/v2\/comments?post=91"}],"version-history":[{"count":26,"href":"https:\/\/tlajomulco.gob.mx\/sexto-informe\/wp-json\/wp\/v2\/pages\/91\/revisions"}],"predecessor-version":[{"id":349,"href":"https:\/\/tlajomulco.gob.mx\/sexto-informe\/wp-json\/wp\/v2\/pages\/91\/revisions\/349"}],"wp:featuredmedia":[{"embeddable":true,"href":"https:\/\/tlajomulco.gob.mx\/sexto-informe\/wp-json\/wp\/v2\/media\/251"}],"wp:attachment":[{"href":"https:\/\/tlajomulco.gob.mx\/sexto-informe\/wp-json\/wp\/v2\/media?parent=91"}],"curies":[{"name":"wp","href":"https:\/\/api.w.org\/{rel}","templated":true}]}}